{"id":2168,"date":"2022-07-26T14:21:00","date_gmt":"2022-07-26T11:21:00","guid":{"rendered":"https:\/\/www.optimistic-newton.213-158-90-157.plesk.page\/?page_id=2168"},"modified":"2025-12-23T15:24:10","modified_gmt":"2025-12-23T13:24:10","slug":"conditions-de-reservation","status":"publish","type":"page","link":"https:\/\/www.optimistic-newton.213-158-90-157.plesk.page\/fr\/conditions-de-reservation\/","title":{"rendered":"Conditions de r\u00e9servation"},"content":{"rendered":"<p><div class=\"fusion-fullwidth fullwidth-box fusion-builder-row-1 fusion-flex-container hundred-percent-fullwidth non-hundred-percent-height-scrolling\" style=\"--awb-border-radius-top-left:0px;--awb-border-radius-top-right:0px;--awb-border-radius-bottom-right:0px;--awb-border-radius-bottom-left:0px;--awb-flex-wrap:wrap;\" ><div class=\"fusion-builder-row fusion-row fusion-flex-align-items-center fusion-flex-justify-content-space-around fusion-flex-content-wrap\" style=\"width:calc( 100% + 0px ) !important;max-width:calc( 100% + 0px ) !important;margin-left: calc(-0px \/ 2 );margin-right: calc(-0px \/ 2 );\"><div class=\"fusion-layout-column fusion_builder_column fusion-builder-column-0 fusion_builder_column_1_1 1_1 fusion-flex-column\" style=\"--awb-padding-top:250px;--awb-padding-right:50px;--awb-padding-bottom:80px;--awb-padding-left:50px;--awb-bg-color:var(--awb-custom_color_1);--awb-bg-color-hover:var(--awb-custom_color_1);--awb-bg-size:cover;--awb-width-large:100%;--awb-margin-top-large:0px;--awb-spacing-right-large:0px;--awb-margin-bottom-large:20px;--awb-spacing-left-large:0px;--awb-width-medium:100%;--awb-order-medium:2;--awb-spacing-right-medium:0px;--awb-spacing-left-medium:0px;--awb-width-small:100%;--awb-order-small:2;--awb-spacing-right-small:0px;--awb-spacing-left-small:0px;\"><div class=\"fusion-column-wrapper fusion-column-has-shadow fusion-flex-justify-content-flex-start fusion-content-layout-column\"><div class=\"fusion-text fusion-text-1\" style=\"--awb-content-alignment:center;--awb-text-transform:none;\"><h1>Conditions de r\u00e9servation<\/h1>\n<\/div><\/div><\/div><\/div><\/div><div class=\"fusion-fullwidth fullwidth-box fusion-builder-row-2 fusion-flex-container nonhundred-percent-fullwidth non-hundred-percent-height-scrolling\" style=\"--awb-border-radius-top-left:0px;--awb-border-radius-top-right:0px;--awb-border-radius-bottom-right:0px;--awb-border-radius-bottom-left:0px;--awb-flex-wrap:wrap;\" ><div class=\"fusion-builder-row fusion-row fusion-flex-align-items-center fusion-flex-justify-content-space-around fusion-flex-content-wrap\" style=\"max-width:calc( 1200px + 0px );margin-left: calc(-0px \/ 2 );margin-right: calc(-0px \/ 2 );\"><div class=\"fusion-layout-column fusion_builder_column fusion-builder-column-1 fusion_builder_column_1_1 1_1 fusion-flex-column booking-condition-wrapper\" style=\"--awb-padding-top:50px;--awb-padding-right:50px;--awb-padding-bottom:50px;--awb-padding-left:50px;--awb-padding-top-medium:40px;--awb-padding-right-medium:40px;--awb-padding-bottom-medium:40px;--awb-padding-left-medium:40px;--awb-padding-top-small:20px;--awb-padding-right-small:20px;--awb-padding-bottom-small:20px;--awb-padding-left-small:20px;--awb-bg-size:cover;--awb-width-large:100%;--awb-margin-top-large:20px;--awb-spacing-right-large:0px;--awb-margin-bottom-large:20px;--awb-spacing-left-large:0px;--awb-width-medium:100%;--awb-order-medium:2;--awb-spacing-right-medium:0px;--awb-spacing-left-medium:0px;--awb-width-small:100%;--awb-order-small:2;--awb-spacing-right-small:0px;--awb-spacing-left-small:0px;\"><div class=\"fusion-column-wrapper fusion-column-has-shadow fusion-flex-justify-content-flex-start fusion-content-layout-column\"><div class=\"fusion-text fusion-text-2\" style=\"--awb-content-alignment:left;--awb-text-transform:none;\"><p>Le contrat est conclu entre le client et MZW Design Studio LLC, une soci\u00e9t\u00e9 enregistr\u00e9e dans l\u2019\u00c9tat de New York, DOS ID 6238199. La propri\u00e9t\u00e9 est disponible pour des s\u00e9jours multiples d\u2019une semaine, avec un jour de changement le samedi. L\u2019heure d\u2019arriv\u00e9e des clients est fix\u00e9e \u00e0 16h00 et l\u2019heure de d\u00e9part \u00e0 10h00 (le nettoyage et la pr\u00e9paration n\u00e9cessitent 5 \u00e0 6 heures). La capacit\u00e9 maximale est de six personnes. Le client accepte que la propri\u00e9t\u00e9 ne soit occup\u00e9e la nuit que par les personnes figurant sur le formulaire de r\u00e9servation.<\/p>\n<p>L\u2019entretien est inclus quelle que soit l\u2019occupation, avec un nettoyage quatre fois par semaine. Un nettoyage quotidien peut \u00eatre organis\u00e9 sans frais suppl\u00e9mentaires si demand\u00e9 lors de la r\u00e9servation. Un acompte de 1\u202f000\u202f\u20ac par semaine est requis au moment de la r\u00e9servation, le solde \u00e9tant payable huit semaines avant l\u2019arriv\u00e9e.<\/p>\n<p>La Wheatfield House ne facture pas les dommages accidentels aux objets d\u2019usage quotidien (vaisselle, ustensiles de cuisine, serviettes, linge de lit, etc.). Toutefois, vous vous engagez \u00e0 signaler tout dommage afin que nous puissions le r\u00e9parer ou le remplacer pour les clients suivants.<\/p>\n<p>Les finitions des sols int\u00e9rieurs, des salles de bain et du deck de la piscine sont en MicroCiment, un mat\u00e9riau offrant une esth\u00e9tique chic et sans joint. Il est malheureusement tr\u00e8s sensible aux huiles, \u00e0 la rouille, aux acides et aux taches de couleur, et tr\u00e8s difficile \u00e0 r\u00e9parer. Vous acceptez de ne pas utiliser de colorations capillaires ni de vernis \u00e0 ongles \u00e0 l\u2019int\u00e9rieur et autour de la maison.<\/p>\n<h2>Annulation<\/h2>\n<ul>\n<li>Plus de 42 jours avant l\u2019arriv\u00e9e \u2013 <strong>d\u00e9p\u00f4t uniquement<\/strong><\/li>\n<li>41 \u00e0 28 jours avant \u2013 <strong>30% du co\u00fbt total<\/strong><\/li>\n<li>27 \u00e0 14 jours avant \u2013 <strong>60% du co\u00fbt total<\/strong><\/li>\n<li>Moins de 14 jours avant \u2013 <strong>90% du co\u00fbt total<\/strong><\/li>\n<\/ul>\n<h2>Informations de Contact<\/h2>\n<p><span class=\"green-txt\">T\u00e9l:<\/span> <a href=\"tel:0017187191360\">(+1) 718 719 1360<\/a><br \/><span class=\"green-txt\">E-mail:<\/span>&nbsp;<a href=\"mailto:info@thewheatfieldhouse.com\" target=\"_blank\" rel=\"noopener\">info@thewheatfieldhouse.com<\/a><br \/><span class=\"green-txt\">Adresse postale:<\/span> 104-60 Queens Blvd, Unit 16P, Forest Hills, NY 11375, \u00c9tats-Unis<\/p>\n<h2>Politique de confidentialit\u00e9 des donn\u00e9es consommateurs<\/h2>\n<p>Vos donn\u00e9es ne sont ni partag\u00e9es ni vendues.<\/p>\n<h2>Paiement par carte<\/h2>\n<p>Nous utilisons Stripe pour les paiements par carte, sans conservation des informations de carte.<\/p>\n<h3>Compte bancaire<\/h3>\n<p><span class=\"green-txt\">IBAN:<\/span> BE84 9672 1663 9459<br \/><span class=\"green-txt\">Bank code (SWIFT\/BIC):<\/span> TRWIBEB1XXX<br \/><span class=\"green-txt\">Adresse:<\/span> Wise US Inc., 30 W 26th Street, Floor 6, New York, NY, 10010, \u00c9tats-Unis<\/p>\n<\/div><\/div><\/div><\/div><\/div><\/p>","protected":false},"excerpt":{"rendered":"","protected":false},"author":1,"featured_media":2157,"parent":0,"menu_order":5,"comment_status":"closed","ping_status":"closed","template":"100-width.php","meta":{"footnotes":""},"class_list":["post-2168","page","type-page","status-publish","has-post-thumbnail","hentry"],"yoast_head":"<!-- This site is optimized with the Yoast SEO plugin v26.7 - https:\/\/yoast.com\/wordpress\/plugins\/seo\/ -->\n<title>Conditions de r\u00e9servation - The Wheatfield House - Sifnos<\/title>\n<meta name=\"robots\" content=\"index, follow, max-snippet:-1, max-image-preview:large, max-video-preview:-1\" \/>\n<link rel=\"canonical\" href=\"https:\/\/www.optimistic-newton.213-158-90-157.plesk.page\/fr\/conditions-de-reservation\/\" \/>\n<meta property=\"og:locale\" content=\"fr_FR\" \/>\n<meta property=\"og:type\" content=\"article\" \/>\n<meta property=\"og:title\" content=\"Conditions de r\u00e9servation - The Wheatfield House - Sifnos\" \/>\n<meta property=\"og:url\" content=\"https:\/\/www.optimistic-newton.213-158-90-157.plesk.page\/fr\/conditions-de-reservation\/\" \/>\n<meta property=\"og:site_name\" content=\"The Wheatfield House - Sifnos\" \/>\n<meta property=\"article:modified_time\" content=\"2025-12-23T13:24:10+00:00\" \/>\n<meta property=\"og:image\" content=\"https:\/\/www.optimistic-newton.213-158-90-157.plesk.page\/wp-content\/uploads\/2022\/07\/wheatfield-HeaderSlides-Estate-1-bw.jpg\" \/>\n\t<meta property=\"og:image:width\" content=\"1600\" \/>\n\t<meta property=\"og:image:height\" content=\"1200\" \/>\n\t<meta property=\"og:image:type\" content=\"image\/jpeg\" \/>\n<meta name=\"twitter:card\" content=\"summary_large_image\" \/>\n<script type=\"application\/ld+json\" class=\"yoast-schema-graph\">{\"@context\":\"https:\/\/schema.org\",\"@graph\":[{\"@type\":\"WebPage\",\"@id\":\"https:\/\/www.optimistic-newton.213-158-90-157.plesk.page\/fr\/conditions-de-reservation\/\",\"url\":\"https:\/\/www.optimistic-newton.213-158-90-157.plesk.page\/fr\/conditions-de-reservation\/\",\"name\":\"Conditions de r\u00e9servation - The Wheatfield House - Sifnos\",\"isPartOf\":{\"@id\":\"https:\/\/www.optimistic-newton.213-158-90-157.plesk.page\/fr\/#website\"},\"primaryImageOfPage\":{\"@id\":\"https:\/\/www.optimistic-newton.213-158-90-157.plesk.page\/fr\/conditions-de-reservation\/#primaryimage\"},\"image\":{\"@id\":\"https:\/\/www.optimistic-newton.213-158-90-157.plesk.page\/fr\/conditions-de-reservation\/#primaryimage\"},\"thumbnailUrl\":\"https:\/\/www.optimistic-newton.213-158-90-157.plesk.page\/wp-content\/uploads\/2022\/07\/wheatfield-HeaderSlides-Estate-1-bw.jpg\",\"datePublished\":\"2022-07-26T11:21:00+00:00\",\"dateModified\":\"2025-12-23T13:24:10+00:00\",\"breadcrumb\":{\"@id\":\"https:\/\/www.optimistic-newton.213-158-90-157.plesk.page\/fr\/conditions-de-reservation\/#breadcrumb\"},\"inLanguage\":\"fr-FR\",\"potentialAction\":[{\"@type\":\"ReadAction\",\"target\":[\"https:\/\/www.optimistic-newton.213-158-90-157.plesk.page\/fr\/conditions-de-reservation\/\"]}]},{\"@type\":\"ImageObject\",\"inLanguage\":\"fr-FR\",\"@id\":\"https:\/\/www.optimistic-newton.213-158-90-157.plesk.page\/fr\/conditions-de-reservation\/#primaryimage\",\"url\":\"https:\/\/www.optimistic-newton.213-158-90-157.plesk.page\/wp-content\/uploads\/2022\/07\/wheatfield-HeaderSlides-Estate-1-bw.jpg\",\"contentUrl\":\"https:\/\/www.optimistic-newton.213-158-90-157.plesk.page\/wp-content\/uploads\/2022\/07\/wheatfield-HeaderSlides-Estate-1-bw.jpg\",\"width\":1600,\"height\":1200},{\"@type\":\"BreadcrumbList\",\"@id\":\"https:\/\/www.optimistic-newton.213-158-90-157.plesk.page\/fr\/conditions-de-reservation\/#breadcrumb\",\"itemListElement\":[{\"@type\":\"ListItem\",\"position\":1,\"name\":\"Home\",\"item\":\"https:\/\/www.optimistic-newton.213-158-90-157.plesk.page\/fr\/\"},{\"@type\":\"ListItem\",\"position\":2,\"name\":\"Conditions de r\u00e9servation\"}]},{\"@type\":\"WebSite\",\"@id\":\"https:\/\/www.optimistic-newton.213-158-90-157.plesk.page\/fr\/#website\",\"url\":\"https:\/\/www.optimistic-newton.213-158-90-157.plesk.page\/fr\/\",\"name\":\"The Wheatfield House - Sifnos\",\"description\":\"Sifnos\",\"publisher\":{\"@id\":\"https:\/\/www.optimistic-newton.213-158-90-157.plesk.page\/fr\/#organization\"},\"potentialAction\":[{\"@type\":\"SearchAction\",\"target\":{\"@type\":\"EntryPoint\",\"urlTemplate\":\"https:\/\/www.optimistic-newton.213-158-90-157.plesk.page\/fr\/?s={search_term_string}\"},\"query-input\":{\"@type\":\"PropertyValueSpecification\",\"valueRequired\":true,\"valueName\":\"search_term_string\"}}],\"inLanguage\":\"fr-FR\"},{\"@type\":\"Organization\",\"@id\":\"https:\/\/www.optimistic-newton.213-158-90-157.plesk.page\/fr\/#organization\",\"name\":\"The Wheatfield House Sifnos\",\"url\":\"https:\/\/www.optimistic-newton.213-158-90-157.plesk.page\/fr\/\",\"logo\":{\"@type\":\"ImageObject\",\"inLanguage\":\"fr-FR\",\"@id\":\"https:\/\/www.optimistic-newton.213-158-90-157.plesk.page\/fr\/#\/schema\/logo\/image\/\",\"url\":\"https:\/\/www.optimistic-newton.213-158-90-157.plesk.page\/wp-content\/uploads\/2022\/11\/SifnosWheatfieldHouse_Profile.jpg\",\"contentUrl\":\"https:\/\/www.optimistic-newton.213-158-90-157.plesk.page\/wp-content\/uploads\/2022\/11\/SifnosWheatfieldHouse_Profile.jpg\",\"width\":840,\"height\":840,\"caption\":\"The Wheatfield House Sifnos\"},\"image\":{\"@id\":\"https:\/\/www.optimistic-newton.213-158-90-157.plesk.page\/fr\/#\/schema\/logo\/image\/\"}}]}<\/script>\n<!-- \/ Yoast SEO plugin. -->","yoast_head_json":{"title":"Conditions de r\u00e9servation - The Wheatfield House - Sifnos","robots":{"index":"index","follow":"follow","max-snippet":"max-snippet:-1","max-image-preview":"max-image-preview:large","max-video-preview":"max-video-preview:-1"},"canonical":"https:\/\/www.optimistic-newton.213-158-90-157.plesk.page\/fr\/conditions-de-reservation\/","og_locale":"fr_FR","og_type":"article","og_title":"Conditions de r\u00e9servation - The Wheatfield House - Sifnos","og_url":"https:\/\/www.optimistic-newton.213-158-90-157.plesk.page\/fr\/conditions-de-reservation\/","og_site_name":"The Wheatfield House - Sifnos","article_modified_time":"2025-12-23T13:24:10+00:00","og_image":[{"width":1600,"height":1200,"url":"https:\/\/www.optimistic-newton.213-158-90-157.plesk.page\/wp-content\/uploads\/2022\/07\/wheatfield-HeaderSlides-Estate-1-bw.jpg","type":"image\/jpeg"}],"twitter_card":"summary_large_image","schema":{"@context":"https:\/\/schema.org","@graph":[{"@type":"WebPage","@id":"https:\/\/www.optimistic-newton.213-158-90-157.plesk.page\/fr\/conditions-de-reservation\/","url":"https:\/\/www.optimistic-newton.213-158-90-157.plesk.page\/fr\/conditions-de-reservation\/","name":"Conditions de r\u00e9servation - The Wheatfield House - Sifnos","isPartOf":{"@id":"https:\/\/www.optimistic-newton.213-158-90-157.plesk.page\/fr\/#website"},"primaryImageOfPage":{"@id":"https:\/\/www.optimistic-newton.213-158-90-157.plesk.page\/fr\/conditions-de-reservation\/#primaryimage"},"image":{"@id":"https:\/\/www.optimistic-newton.213-158-90-157.plesk.page\/fr\/conditions-de-reservation\/#primaryimage"},"thumbnailUrl":"https:\/\/www.optimistic-newton.213-158-90-157.plesk.page\/wp-content\/uploads\/2022\/07\/wheatfield-HeaderSlides-Estate-1-bw.jpg","datePublished":"2022-07-26T11:21:00+00:00","dateModified":"2025-12-23T13:24:10+00:00","breadcrumb":{"@id":"https:\/\/www.optimistic-newton.213-158-90-157.plesk.page\/fr\/conditions-de-reservation\/#breadcrumb"},"inLanguage":"fr-FR","potentialAction":[{"@type":"ReadAction","target":["https:\/\/www.optimistic-newton.213-158-90-157.plesk.page\/fr\/conditions-de-reservation\/"]}]},{"@type":"ImageObject","inLanguage":"fr-FR","@id":"https:\/\/www.optimistic-newton.213-158-90-157.plesk.page\/fr\/conditions-de-reservation\/#primaryimage","url":"https:\/\/www.optimistic-newton.213-158-90-157.plesk.page\/wp-content\/uploads\/2022\/07\/wheatfield-HeaderSlides-Estate-1-bw.jpg","contentUrl":"https:\/\/www.optimistic-newton.213-158-90-157.plesk.page\/wp-content\/uploads\/2022\/07\/wheatfield-HeaderSlides-Estate-1-bw.jpg","width":1600,"height":1200},{"@type":"BreadcrumbList","@id":"https:\/\/www.optimistic-newton.213-158-90-157.plesk.page\/fr\/conditions-de-reservation\/#breadcrumb","itemListElement":[{"@type":"ListItem","position":1,"name":"Home","item":"https:\/\/www.optimistic-newton.213-158-90-157.plesk.page\/fr\/"},{"@type":"ListItem","position":2,"name":"Conditions de r\u00e9servation"}]},{"@type":"WebSite","@id":"https:\/\/www.optimistic-newton.213-158-90-157.plesk.page\/fr\/#website","url":"https:\/\/www.optimistic-newton.213-158-90-157.plesk.page\/fr\/","name":"The Wheatfield House - Sifnos","description":"Sifnos","publisher":{"@id":"https:\/\/www.optimistic-newton.213-158-90-157.plesk.page\/fr\/#organization"},"potentialAction":[{"@type":"SearchAction","target":{"@type":"EntryPoint","urlTemplate":"https:\/\/www.optimistic-newton.213-158-90-157.plesk.page\/fr\/?s={search_term_string}"},"query-input":{"@type":"PropertyValueSpecification","valueRequired":true,"valueName":"search_term_string"}}],"inLanguage":"fr-FR"},{"@type":"Organization","@id":"https:\/\/www.optimistic-newton.213-158-90-157.plesk.page\/fr\/#organization","name":"The Wheatfield House Sifnos","url":"https:\/\/www.optimistic-newton.213-158-90-157.plesk.page\/fr\/","logo":{"@type":"ImageObject","inLanguage":"fr-FR","@id":"https:\/\/www.optimistic-newton.213-158-90-157.plesk.page\/fr\/#\/schema\/logo\/image\/","url":"https:\/\/www.optimistic-newton.213-158-90-157.plesk.page\/wp-content\/uploads\/2022\/11\/SifnosWheatfieldHouse_Profile.jpg","contentUrl":"https:\/\/www.optimistic-newton.213-158-90-157.plesk.page\/wp-content\/uploads\/2022\/11\/SifnosWheatfieldHouse_Profile.jpg","width":840,"height":840,"caption":"The Wheatfield House Sifnos"},"image":{"@id":"https:\/\/www.optimistic-newton.213-158-90-157.plesk.page\/fr\/#\/schema\/logo\/image\/"}}]}},"_links":{"self":[{"href":"https:\/\/www.optimistic-newton.213-158-90-157.plesk.page\/fr\/wp-json\/wp\/v2\/pages\/2168","targetHints":{"allow":["GET"]}}],"collection":[{"href":"https:\/\/www.optimistic-newton.213-158-90-157.plesk.page\/fr\/wp-json\/wp\/v2\/pages"}],"about":[{"href":"https:\/\/www.optimistic-newton.213-158-90-157.plesk.page\/fr\/wp-json\/wp\/v2\/types\/page"}],"author":[{"embeddable":true,"href":"https:\/\/www.optimistic-newton.213-158-90-157.plesk.page\/fr\/wp-json\/wp\/v2\/users\/1"}],"replies":[{"embeddable":true,"href":"https:\/\/www.optimistic-newton.213-158-90-157.plesk.page\/fr\/wp-json\/wp\/v2\/comments?post=2168"}],"version-history":[{"count":3,"href":"https:\/\/www.optimistic-newton.213-158-90-157.plesk.page\/fr\/wp-json\/wp\/v2\/pages\/2168\/revisions"}],"predecessor-version":[{"id":2423,"href":"https:\/\/www.optimistic-newton.213-158-90-157.plesk.page\/fr\/wp-json\/wp\/v2\/pages\/2168\/revisions\/2423"}],"wp:featuredmedia":[{"embeddable":true,"href":"https:\/\/www.optimistic-newton.213-158-90-157.plesk.page\/fr\/wp-json\/wp\/v2\/media\/2157"}],"wp:attachment":[{"href":"https:\/\/www.optimistic-newton.213-158-90-157.plesk.page\/fr\/wp-json\/wp\/v2\/media?parent=2168"}],"curies":[{"name":"wp","href":"https:\/\/api.w.org\/{rel}","templated":true}]}}